{"id":214850,"date":"2018-11-29T14:57:54","date_gmt":"2018-11-29T14:57:54","guid":{"rendered":"http:\/\/www.biarritz-hotel-ocean.com\/seminaires\/"},"modified":"2019-04-29T09:26:51","modified_gmt":"2019-04-29T09:26:51","slug":"seminarios","status":"publish","type":"page","link":"https:\/\/www.biarritz-hotel-ocean.com\/es\/seminarios\/","title":{"rendered":"Seminarios"},"content":{"rendered":"<p>[et_pb_section bb_built=\u00bb1&#8243; module_class=\u00bbintern-fullwidth-title\u00bb _builder_version=\u00bb3.17.2&#8243; use_background_color_gradient=\u00bbon\u00bb background_color_gradient_start=\u00bbrgba(0,0,0,0.2)\u00bb background_color_gradient_end=\u00bbrgba(0,0,0,0.2)\u00bb background_color_gradient_overlays_image=\u00bbon\u00bb background_image=\u00bbhttps:\/\/www.biarritz-hotel-ocean.com\/wp-content\/uploads\/2019\/02\/hotel-ocean.jpg\u00bb next_background_color=\u00bb#ffffff\u00bb][et_pb_row _builder_version=\u00bb3.0.48&#8243; background_size=\u00bbinitial\u00bb background_position=\u00bbtop_left\u00bb background_repeat=\u00bbrepeat\u00bb][et_pb_column type=\u00bb4_4&#8243;][et_pb_text admin_label=\u00bbTitre\u00bb _builder_version=\u00bb3.21.4&#8243; header_text_align=\u00bbcenter\u00bb header_text_color=\u00bb#ffffff\u00bb]<\/p>\n<h1>Hotel de l&#8217;Oc\u00e9an &#8211; Seminarios<\/h1>\n<p>[\/et_pb_text][\/et_pb_column][\/et_pb_row][\/et_pb_section][et_pb_section bb_built=\u00bb1&#8243; module_id=\u00bbseminaire-blocs-section\u00bb _builder_version=\u00bb3.17.2&#8243; prev_background_color=\u00bb#000000&#8243; next_background_color=\u00bb#d1dede\u00bb][et_pb_row use_custom_gutter=\u00bbon\u00bb gutter_width=\u00bb1&#8243; make_equal=\u00bbon\u00bb background_position_1=\u00bbbottom_center\u00bb module_class=\u00bbbloc-row\u00bb _builder_version=\u00bb3.17.2&#8243;][et_pb_column type=\u00bb3_5&#8243;][et_pb_slider _builder_version=\u00bb3.17.2&#8243; saved_tabs=\u00bball\u00bb][et_pb_slide use_bg_overlay=\u00bboff\u00bb use_text_overlay=\u00bboff\u00bb _builder_version=\u00bb3.17.2&#8243; background_color=\u00bb#ffffff\u00bb background_image=\u00bbhttps:\/\/www.biarritz-hotel-ocean.com\/wp-content\/uploads\/2019\/03\/Hotel-Ocean-15.jpg\u00bb button_on_hover=\u00bbon\u00bb custom_css_main_element=\u00bbheight:400px;\u00bb]<br \/>\n[\/et_pb_slide][et_pb_slide use_bg_overlay=\u00bboff\u00bb use_text_overlay=\u00bboff\u00bb _builder_version=\u00bb3.17.2&#8243; background_color=\u00bb#ffffff\u00bb background_image=\u00bbhttps:\/\/www.biarritz-hotel-ocean.com\/wp-content\/uploads\/2019\/03\/Hotel-Ocean-14.jpg\u00bb button_on_hover=\u00bbon\u00bb]<br \/>\n[\/et_pb_slide][\/et_pb_slider][\/et_pb_column][et_pb_column type=\u00bb2_5&#8243;][et_pb_text admin_label=\u00bbVotre s\u00e9minaire \u00e0 l&#8217;H\u00f4tel de l&#8217;Oc\u00e9an\u00bb module_class=\u00bbbloc-module\u00bb _builder_version=\u00bb3.21.4&#8243; header_text_color=\u00bb#a54044&#8243; background_color=\u00bb#ede3d9&#8243; text_orientation=\u00bbjustified\u00bb]<\/p>\n<div class=\"text-div\">\n<h2>Su seminario en el H\u00f4tel de l&#8217;Oc\u00e9an<\/h2>\n<div class=\"description-text-div\">\n<ul>\n<li>Quiere reunir a <strong>sus empleados, organizar la formaci\u00f3n o la contrataci\u00f3n<\/strong>&#8230; Organizamos jornadas de trabajo y medias jornadas (d\u00edas de estudio) para grupos peque\u00f1os (hasta 10 personas):<\/li>\n<li>Le proponemos una sala de reuniones <strong>perfectamente equipada<\/strong> (TV + cables, rotafolio, WiFi&#8230;)<\/li>\n<li>Comidas <strong>en la terraza<\/strong> o <strong>en el comedor del restaurante del hotel<\/strong><\/li>\n<\/ul>\n<\/div>\n<\/div>\n<p>[\/et_pb_text][\/et_pb_column][\/et_pb_row][et_pb_row use_custom_gutter=\u00bbon\u00bb gutter_width=\u00bb1&#8243; make_equal=\u00bbon\u00bb bg_img_2=\u00bbhttps:\/\/www.biarritz-hotel-ocean.com\/wp-content\/uploads\/2019\/04\/casino.jpg\u00bb background_position_1=\u00bbbottom_center\u00bb background_position_2=\u00bbbottom_center\u00bb module_class=\u00bbbloc-row mobile-reverse-row\u00bb _builder_version=\u00bb3.17.2&#8243;][et_pb_column type=\u00bb2_5&#8243;][et_pb_text admin_label=\u00bbOrganiser un s\u00e9minaire \u00e0 Biarritz\u00bb module_class=\u00bbbloc-module\u00bb _builder_version=\u00bb3.21.4&#8243; header_text_color=\u00bb#a54044&#8243; background_color=\u00bb#ede3d9&#8243; text_orientation=\u00bbjustified\u00bb]<\/p>\n<div class=\"text-div\">\n<h2>Organizar un seminario en Biarritz<\/h2>\n<div class=\"description-text-div\">\n<p>Le gustar\u00e1 poder caminar desde el hotel hasta los distintos lugares donde se celebran <strong>los eventos, espect\u00e1culos, festivales, exposiciones, congresos, simposios y seminarios<\/strong> que han hecho de <strong>Biarritz<\/strong> una ciudad famosa en el mercado del turismo de negocios. <strong>El Pa\u00eds Vasco<\/strong> es tambi\u00e9n un destino ideal para la organizaci\u00f3n de incentivos. Desde Biarritz se puede llegar f\u00e1cilmente a <strong>la costa vasca<\/strong> y al interior. Tambi\u00e9n podr\u00e1 disfrutar de las numerosas actividades deportivas y de los lugares de descanso que la ciudad ofrece para <strong>los d\u00edas y las noches m\u00e1s ajetreadas<\/strong>.<\/p>\n<\/div>\n<\/div>\n<p>[\/et_pb_text][\/et_pb_column][et_pb_column type=\u00bb3_5&#8243;][\/et_pb_column][\/et_pb_row][et_pb_row use_custom_gutter=\u00bbon\u00bb gutter_width=\u00bb1&#8243; make_equal=\u00bbon\u00bb background_position_1=\u00bbbottom_center\u00bb module_class=\u00bbbloc-row\u00bb _builder_version=\u00bb3.17.2&#8243;][et_pb_column type=\u00bb3_5&#8243;][et_pb_slider _builder_version=\u00bb3.17.2&#8243; saved_tabs=\u00bball\u00bb][et_pb_slide use_bg_overlay=\u00bboff\u00bb use_text_overlay=\u00bboff\u00bb _builder_version=\u00bb3.17.2&#8243; background_color=\u00bb#ffffff\u00bb background_image=\u00bbhttps:\/\/www.biarritz-hotel-ocean.com\/wp-content\/uploads\/2019\/03\/Hotel-Ocean-24.jpg\u00bb button_on_hover=\u00bbon\u00bb custom_css_main_element=\u00bbheight:400px;\u00bb]<br \/>\n[\/et_pb_slide][\/et_pb_slider][\/et_pb_column][et_pb_column type=\u00bb2_5&#8243;][et_pb_text admin_label=\u00bbLorem Ipsum\u00bb module_class=\u00bbbloc-module\u00bb _builder_version=\u00bb3.21.4&#8243; header_text_color=\u00bb#a54044&#8243; background_color=\u00bb#ede3d9&#8243; text_orientation=\u00bbjustified\u00bb]<\/p>\n<div class=\"text-div\">\n<h2>Cont\u00e1ctenos<\/h2>\n<div class=\"description-text-div\">\n<ul>\n<li>Seminarios, contrataci\u00f3n, jornadas de estudio, eventos familiares, brunch, almuerzo o cena&#8230;. <strong>\u00a1no dude en contactarnos!<\/strong> Para una <strong>cotizaci\u00f3n personalizada<\/strong> o <strong>m\u00e1s informaci\u00f3n<\/strong>, comun\u00edquese con nosotros al 05.59.24.24.03.27 o por correo electr\u00f3nico a: info@biarritz-hotel-ocean.com<\/li>\n<\/ul>\n<\/div>\n<\/div>\n<p>[\/et_pb_text][\/et_pb_column][\/et_pb_row][\/et_pb_section][et_pb_section bb_built=\u00bb1&#8243; disabled_on=\u00bbon|on|\u00bb _builder_version=\u00bb3.17.2&#8243; background_color=\u00bb#d1dede\u00bb custom_padding=\u00bb15px|0px|15px|0px\u00bb top_divider_style=\u00bbwave2&#8243; top_divider_height=\u00bb20px\u00bb top_divider_repeat=\u00bb8x\u00bb top_divider_arrangement=\u00bbabove_content\u00bb global_module=\u00bb214835&#8243; next_background_color=\u00bb#a54044&#8243; prev_background_color=\u00bb#ffffff\u00bb][et_pb_row global_parent=\u00bb214835&#8243; use_custom_width=\u00bbon\u00bb custom_width_px=\u00bb1280px\u00bb custom_padding=\u00bb10px|0px|10px|0px\u00bb custom_margin=\u00bb20px||0px||false\u00bb module_class_1=\u00bbfooter-desktop-column-1&#8243; module_class_2=\u00bbfooter-desktop-column-2&#8243; module_class_3=\u00bbfooter-desktop-column-3&#8243; module_class=\u00bbfooter-row\u00bb _builder_version=\u00bb3.17.2&#8243;][et_pb_column type=\u00bb1_3&#8243;][et_pb_image admin_label=\u00bbLogo\u00bb global_parent=\u00bb214835&#8243; src=\u00bbhttps:\/\/www.biarritz-hotel-ocean.com\/wp-content\/uploads\/2019\/04\/logo_hoteldelocean.png\u00bb url=\u00bb\/\u00bb align=\u00bbcenter\u00bb module_class=\u00bbfooter-image-module\u00bb _builder_version=\u00bb3.21.4&#8243; \/][\/et_pb_column][et_pb_column type=\u00bb1_3&#8243;][et_pb_text admin_label=\u00bbFooter Desktop &#8211; ES\u00bb global_parent=\u00bb214835&#8243; _builder_version=\u00bb3.21.4&#8243; text_orientation=\u00bbcenter\u00bb]<\/p>\n<p><a href=\"\/es\/contacto-acceso\/\">9 Place Sainte Eug\u00e9nie, 64200 Biarritz<\/a><br \/> <a href=\"tel:+33 5 59 24 03 27\">Tel : +33 5 59 24 03 27<\/a>\u00a0<br \/> <a href=\"mailto:info@biarritz-hotel-ocean.com\">info@biarritz-hotel-ocean.com<\/a><\/p>\n<p>[\/et_pb_text][\/et_pb_column][et_pb_column type=\u00bb1_3&#8243;][et_pb_text admin_label=\u00bbMentions l\u00e9gales\u00bb global_parent=\u00bb214835&#8243; _builder_version=\u00bb3.21.4&#8243; text_orientation=\u00bbright\u00bb custom_padding=\u00bb|20px||\u00bb z_index_tablet=\u00bb500&#8243;]<\/p>\n<p><a href=\"\/es\/informacion-legal\">Informaci\u00f3n legal<\/a><\/p>\n<\/p>\n<p>[\/et_pb_text][\/et_pb_column][\/et_pb_row][\/et_pb_section][et_pb_section bb_built=\u00bb1&#8243; disabled_on=\u00bb||on\u00bb module_class=\u00bbfooter-mobile-section\u00bb _builder_version=\u00bb3.17.2&#8243; background_color=\u00bb#a54044&#8243; global_module=\u00bb214838&#8243; next_background_color=\u00bb#d1dede\u00bb prev_background_color=\u00bb#d1dede\u00bb][et_pb_row global_parent=\u00bb214838&#8243; make_fullwidth=\u00bbon\u00bb custom_padding=\u00bb10px||10px|\u00bb custom_margin=\u00bb0px||0px|\u00bb _builder_version=\u00bb3.17.2&#8243;][et_pb_column type=\u00bb4_4&#8243;][et_pb_code admin_label=\u00bbFooter mobile &#8211; ES\u00bb global_parent=\u00bb214838&#8243; module_class=\u00bbfooter-mobile-module\u00bb _builder_version=\u00bb3.21.4&#8243; custom_margin=\u00bb0px|||\u00bb]<a href=\"tel:+33 5 59 24 03 27\"><img class=\"footer-mobile-img\" src=\"\/wp-content\/uploads\/2018\/12\/telephone-White_FFFFFF.png\"><\/a>\u00a0\u00a0<!-- [et_pb_line_break_holder] --><a href=\"mailto:info@biarritz-hotel-ocean.com\"><img class=\"footer-mobile-img\" src=\"\/wp-content\/uploads\/2018\/12\/envelope-White_FFFFFF.png\"><\/a>\u00a0\u00a0<!-- [et_pb_line_break_holder] --><a href=\"\/es\/contacto-acceso\/\"><img class=\"footer-mobile-img\" src=\"\/wp-content\/uploads\/2018\/12\/map-marker-White_FFFFFF.png\"><\/a>[\/et_pb_code][\/et_pb_column][\/et_pb_row][\/et_pb_section][et_pb_section bb_built=\u00bb1&#8243; disabled_on=\u00bb||on\u00bb module_class=\u00bbmobile-footer-ML-section\u00bb _builder_version=\u00bb3.17.2&#8243; background_color=\u00bb#d1dede\u00bb custom_margin=\u00bb||0px|\u00bb custom_padding=\u00bb||15% !important|\u00bb global_module=\u00bb214841&#8243; prev_background_color=\u00bb#a54044&#8243;][et_pb_row global_parent=\u00bb214841&#8243; make_fullwidth=\u00bbon\u00bb custom_padding=\u00bb5px|0px|5px|0px\u00bb custom_margin=\u00bb||0px|\u00bb _builder_version=\u00bb3.17.2&#8243; module_alignment=\u00bbcenter\u00bb][et_pb_column type=\u00bb4_4&#8243;][et_pb_code admin_label=\u00bbFooter mobile mentions legales &#8211; ES\u00bb global_parent=\u00bb214841&#8243; _builder_version=\u00bb3.21.4&#8243; text_orientation=\u00bbcenter\u00bb]<a href=\"\/\">Hotel de l&#8217;Oc\u00e9an<\/a> | Made by <a href=\"https:\/\/www.altelis.com\/\" target=\"_blank\" rel=\"noopener noreferrer\"><strong>Altelis<\/strong><\/a> | <a href=\"\/es\/informacion-legal\">Informaci\u00f3n legal<\/a>[\/et_pb_code][\/et_pb_column][\/et_pb_row][\/et_pb_section]<\/p>\n","protected":false},"excerpt":{"rendered":"<p>[et_pb_section bb_built=\u00bb1&#8243; module_class=\u00bbintern-fullwidth-title\u00bb _builder_version=\u00bb3.17.2&#8243; use_background_color_gradient=\u00bbon\u00bb background_color_gradient_start=\u00bbrgba(0,0,0,0.2)\u00bb background_color_gradient_end=\u00bbrgba(0,0,0,0.2)\u00bb background_color_gradient_overlays_image=\u00bbon\u00bb background_image=\u00bbhttps:\/\/www.biarritz-hotel-ocean.com\/wp-content\/uploads\/2019\/02\/hotel-ocean.jpg\u00bb next_background_color=\u00bb#ffffff\u00bb][et_pb_row _builder_version=\u00bb3.0.48&#8243; background_size=\u00bbinitial\u00bb background_position=\u00bbtop_left\u00bb background_repeat=\u00bbrepeat\u00bb][et_pb_column type=\u00bb4_4&#8243;][et_pb_text admin_label=\u00bbTitre\u00bb _builder_version=\u00bb3.21.4&#8243; header_text_align=\u00bbcenter\u00bb header_text_color=\u00bb#ffffff\u00bb] Hotel de l&#8217;Oc\u00e9an &#8211; Seminarios [\/et_pb_text][\/et_pb_column][\/et_pb_row][\/et_pb_section][et_pb_section bb_built=\u00bb1&#8243; module_id=\u00bbseminaire-blocs-section\u00bb _builder_version=\u00bb3.17.2&#8243; prev_background_color=\u00bb#000000&#8243; next_background_color=\u00bb#d1dede\u00bb][et_pb_row use_custom_gutter=\u00bbon\u00bb gutter_width=\u00bb1&#8243; make_equal=\u00bbon\u00bb background_position_1=\u00bbbottom_center\u00bb module_class=\u00bbbloc-row\u00bb _builder_version=\u00bb3.17.2&#8243;][et_pb_column type=\u00bb3_5&#8243;][et_pb_slider _builder_version=\u00bb3.17.2&#8243; saved_tabs=\u00bball\u00bb][et_pb_slide use_bg_overlay=\u00bboff\u00bb use_text_overlay=\u00bboff\u00bb _builder_version=\u00bb3.17.2&#8243; background_color=\u00bb#ffffff\u00bb background_image=\u00bbhttps:\/\/www.biarritz-hotel-ocean.com\/wp-content\/uploads\/2019\/03\/Hotel-Ocean-15.jpg\u00bb button_on_hover=\u00bbon\u00bb custom_css_main_element=\u00bbheight:400px;\u00bb] [\/et_pb_slide][et_pb_slide use_bg_overlay=\u00bboff\u00bb use_text_overlay=\u00bboff\u00bb _builder_version=\u00bb3.17.2&#8243; background_color=\u00bb#ffffff\u00bb background_image=\u00bbhttps:\/\/www.biarritz-hotel-ocean.com\/wp-content\/uploads\/2019\/03\/Hotel-Ocean-14.jpg\u00bb button_on_hover=\u00bbon\u00bb] [\/et_pb_slide][\/et_pb_slider][\/et_pb_column][et_pb_column type=\u00bb2_5&#8243;][et_pb_text [&hellip;]<\/p>\n","protected":false},"author":1,"featured_media":0,"parent":0,"menu_order":0,"comment_status":"closed","ping_status":"closed","template":"","meta":{"_et_pb_use_builder":"on","_et_pb_old_content":"","_et_gb_content_width":""},"_links":{"self":[{"href":"https:\/\/www.biarritz-hotel-ocean.com\/es\/wp-json\/wp\/v2\/pages\/214850"}],"collection":[{"href":"https:\/\/www.biarritz-hotel-ocean.com\/es\/wp-json\/wp\/v2\/pages"}],"about":[{"href":"https:\/\/www.biarritz-hotel-ocean.com\/es\/wp-json\/wp\/v2\/types\/page"}],"author":[{"embeddable":true,"href":"https:\/\/www.biarritz-hotel-ocean.com\/es\/wp-json\/wp\/v2\/users\/1"}],"replies":[{"embeddable":true,"href":"https:\/\/www.biarritz-hotel-ocean.com\/es\/wp-json\/wp\/v2\/comments?post=214850"}],"version-history":[{"count":0,"href":"https:\/\/www.biarritz-hotel-ocean.com\/es\/wp-json\/wp\/v2\/pages\/214850\/revisions"}],"wp:attachment":[{"href":"https:\/\/www.biarritz-hotel-ocean.com\/es\/wp-json\/wp\/v2\/media?parent=214850"}],"curies":[{"name":"wp","href":"https:\/\/api.w.org\/{rel}","templated":true}]}}