{"id":214855,"date":"2019-03-14T09:11:49","date_gmt":"2019-03-14T09:11:49","guid":{"rendered":"http:\/\/www.biarritz-hotel-ocean.com\/services\/"},"modified":"2024-02-08T08:06:59","modified_gmt":"2024-02-08T08:06:59","slug":"servicios","status":"publish","type":"page","link":"https:\/\/www.biarritz-hotel-ocean.com\/es\/servicios\/","title":{"rendered":"Servicios"},"content":{"rendered":"<p>[et_pb_section fb_built=\u00bb1&#8243; module_class=\u00bbintern-fullwidth-title\u00bb _builder_version=\u00bb3.22&#8243; use_background_color_gradient=\u00bbon\u00bb background_color_gradient_start=\u00bbrgba(0,0,0,0.2)\u00bb background_color_gradient_end=\u00bbrgba(0,0,0,0.2)\u00bb background_color_gradient_overlays_image=\u00bbon\u00bb background_image=\u00bbhttps:\/\/www.biarritz-hotel-ocean.com\/wp-content\/uploads\/2019\/02\/hotel-ocean.jpg\u00bb][et_pb_row _builder_version=\u00bb3.25&#8243; background_size=\u00bbinitial\u00bb background_position=\u00bbtop_left\u00bb background_repeat=\u00bbrepeat\u00bb][et_pb_column type=\u00bb4_4&#8243; _builder_version=\u00bb3.25&#8243; custom_padding=\u00bb|||\u00bb custom_padding__hover=\u00bb|||\u00bb][et_pb_text admin_label=\u00bbTitre\u00bb _builder_version=\u00bb3.27.4&#8243; header_text_align=\u00bbcenter\u00bb header_text_color=\u00bb#ffffff\u00bb]<\/p>\n<h1>Hotel de l&#8217;Oc\u00e9an &#8211; Servicios<\/h1>\n<p>[\/et_pb_text][\/et_pb_column][\/et_pb_row][\/et_pb_section][et_pb_section fb_built=\u00bb1&#8243; _builder_version=\u00bb3.22&#8243;][et_pb_row column_structure=\u00bb3_5,2_5&#8243; use_custom_gutter=\u00bbon\u00bb gutter_width=\u00bb1&#8243; make_equal=\u00bbon\u00bb module_class=\u00bbbloc-row\u00bb _builder_version=\u00bb3.25&#8243;][et_pb_column type=\u00bb3_5&#8243; _builder_version=\u00bb3.25&#8243; background_image=\u00bbhttps:\/\/www.biarritz-hotel-ocean.com\/wp-content\/uploads\/2019\/03\/Hotel-Ocean-4.jpg\u00bb background_position=\u00bbbottom_center\u00bb custom_padding=\u00bb|||\u00bb custom_padding__hover=\u00bb|||\u00bb][\/et_pb_column][et_pb_column type=\u00bb2_5&#8243; _builder_version=\u00bb3.25&#8243; custom_padding=\u00bb|||\u00bb custom_padding__hover=\u00bb|||\u00bb][et_pb_text admin_label=\u00bbReception\u00bb module_class=\u00bbbloc-module\u00bb _builder_version=\u00bb3.27.4&#8243; header_text_color=\u00bb#a54044&#8243; background_color=\u00bb#ede3d9&#8243; text_orientation=\u00bbjustified\u00bb]<\/p>\n<div class=\"text-div\">\n<h2>Recepci\u00f3n<\/h2>\n<div class=\"description-text-div\">\n<ul>\n<li>Abierto las 24 horas del d\u00eda<\/li>\n<li>Llegada a partir de las 15h30<\/li>\n<li>Salida antes de las 11h<\/li>\n<li>Formas de pago aceptadas: Tarjeta de cr\u00e9dito, American Express, Visa, Euro\/Mastercard &#8211; Bono de vacaciones ANCV &#8211; Billetes de restaurante &#8211; Efectivo<\/li>\n<\/ul>\n<\/div>\n<\/div>\n<p>&nbsp;<\/p>\n<p>[\/et_pb_text][\/et_pb_column][\/et_pb_row][et_pb_row column_structure=\u00bb2_5,3_5&#8243; use_custom_gutter=\u00bbon\u00bb gutter_width=\u00bb1&#8243; make_equal=\u00bbon\u00bb module_class=\u00bbbloc-row\u00bb _builder_version=\u00bb3.25&#8243;][et_pb_column type=\u00bb2_5&#8243; _builder_version=\u00bb3.25&#8243; background_position=\u00bbbottom_center\u00bb custom_padding=\u00bb|||\u00bb custom_padding__hover=\u00bb|||\u00bb][et_pb_text admin_label=\u00bbPetit-d\u00e9jeuner et restauration\u00bb module_class=\u00bbbloc-module\u00bb _builder_version=\u00bb4.9.4&#8243; header_text_color=\u00bb#a54044&#8243; background_color=\u00bb#ede3d9&#8243; text_orientation=\u00bbjustified\u00bb]<\/p>\n<div class=\"text-div\">\n<h2>Desayuno y restauraci\u00f3n<\/h2>\n<div class=\"description-text-div\">\n<ul>\n<li>Desayuno buffet servido de 7h30 a 10h30<\/li>\n<li>El restaurante Caf\u00e9 de la Place est\u00e1 situado en la planta baja del hotel y tiene una bonita terraza en la Place Sainte-Eug\u00e9nie.<\/li>\n<li>Abierto los 7 d\u00edas de la semana<br \/>Servicio de almuerzo de 12h00 a 15h00<br \/>Cena de 19h a 22h<br \/>Bar abierto de 7h30 a 11h30<br \/>Paquetes de media pensi\u00f3n y pensi\u00f3n completa<\/li>\n<\/ul>\n<\/div>\n<\/div>\n<p>&nbsp;<\/p>\n<p>[\/et_pb_text][\/et_pb_column][et_pb_column type=\u00bb3_5&#8243; _builder_version=\u00bb3.25&#8243; background_image=\u00bbhttps:\/\/www.biarritz-hotel-ocean.com\/wp-content\/uploads\/2019\/03\/Hotel-Ocean-5.jpg\u00bb background_position=\u00bbbottom_center\u00bb custom_padding=\u00bb|||\u00bb custom_padding__hover=\u00bb|||\u00bb][\/et_pb_column][\/et_pb_row][et_pb_row column_structure=\u00bb3_5,2_5&#8243; use_custom_gutter=\u00bbon\u00bb gutter_width=\u00bb1&#8243; make_equal=\u00bbon\u00bb module_class=\u00bbbloc-row\u00bb _builder_version=\u00bb3.25&#8243;][et_pb_column type=\u00bb3_5&#8243; _builder_version=\u00bb3.25&#8243; background_image=\u00bbhttps:\/\/www.biarritz-hotel-ocean.com\/wp-content\/uploads\/2019\/03\/Hotel-Ocean-24.jpg\u00bb background_position=\u00bbbottom_center\u00bb custom_padding=\u00bb|||\u00bb custom_padding__hover=\u00bb|||\u00bb][\/et_pb_column][et_pb_column type=\u00bb2_5&#8243; _builder_version=\u00bb3.25&#8243; custom_padding=\u00bb|||\u00bb custom_padding__hover=\u00bb|||\u00bb][et_pb_text admin_label=\u00bbInfos Pratiques\u00bb module_class=\u00bbbloc-module\u00bb _builder_version=\u00bb4.9.4&#8243; header_text_color=\u00bb#a54044&#8243; background_color=\u00bb#ede3d9&#8243; text_orientation=\u00bbjustified\u00bb hover_enabled=\u00bb0&#8243; sticky_enabled=\u00bb0&#8243;]<\/p>\n<div class=\"text-div\">\n<h2>Informaciones pr\u00e1cticas<\/h2>\n<div class=\"description-text-div\">\n<ul>\n<li>Hotel totalmente climatizado<\/li>\n<li>WiFi gratuito en las zonas p\u00fablicas y en las habitaciones<\/li>\n<li>Canales nacionales &amp; internacionales, canal+, foot+ y golf+ gratis en todas las habitaciones<\/li>\n<li>Ascensor para hasta 2 personas (pero no apto para un cochecito o una silla de ruedas) &#8211; no sirve la habitacion Patio<\/li>\n<li>El hotel no dispone de habitacion para personas con mobilidad reducida<\/li>\n<li>Se admiten animales de compa\u00f1\u00eda con un coste adicional<\/li>\n<li>Equipamiento para beb\u00e9s disponible bajo petici\u00f3n<\/li>\n<li>Instalaciones de planchado a petici\u00f3n.<\/li>\n<li>Servicios con cita previa: entrenador deportivo, entrega de tablas de surf, senderismo&#8230;<\/li>\n<li>Asesoramiento y recomendaciones sobre actividades en la zona<\/li>\n<\/ul>\n<\/div>\n<\/div>\n<p>&nbsp;<\/p>\n<p>[\/et_pb_text][\/et_pb_column][\/et_pb_row][\/et_pb_section][et_pb_section fb_built=\u00bb1&#8243; prev_background_color=\u00bb#ffffff\u00bb disabled_on=\u00bbon|on|\u00bb _builder_version=\u00bb3.17.2&#8243; background_color=\u00bb#d1dede\u00bb custom_padding=\u00bb15px|0px|15px|0px\u00bb top_divider_style=\u00bbwave2&#8243; top_divider_height=\u00bb20px\u00bb top_divider_repeat=\u00bb8x\u00bb top_divider_arrangement=\u00bbabove_content\u00bb global_module=\u00bb214835&#8243;][et_pb_row module_class=\u00bbfooter-row\u00bb _builder_version=\u00bb3.25&#8243; max_width=\u00bb1280px\u00bb custom_margin=\u00bb20px||0px||false\u00bb custom_padding=\u00bb10px|0px|10px|0px\u00bb use_custom_width=\u00bbon\u00bb custom_width_px=\u00bb1280px\u00bb column_structure=\u00bb1_3,1_3,1_3&#8243;][et_pb_column type=\u00bb1_3&#8243; module_class=\u00bbfooter-desktop-column-1&#8243; _builder_version=\u00bb3.25&#8243; custom_padding=\u00bb|||\u00bb custom_padding__hover=\u00bb|||\u00bb][et_pb_image src=\u00bbhttps:\/\/www.biarritz-hotel-ocean.com\/wp-content\/uploads\/2019\/04\/logo_hoteldelocean.png\u00bb url=\u00bb\/es\/\u00bb align=\u00bbcenter\u00bb align_tablet=\u00bbcenter\u00bb align_last_edited=\u00bbon|desktop\u00bb admin_label=\u00bbLogo\u00bb module_class=\u00bbfooter-image-module\u00bb _builder_version=\u00bb3.23&#8243;][\/et_pb_image][\/et_pb_column][et_pb_column type=\u00bb1_3&#8243; module_class=\u00bbfooter-desktop-column-2&#8243; _builder_version=\u00bb3.25&#8243; custom_padding=\u00bb|||\u00bb custom_padding__hover=\u00bb|||\u00bb][et_pb_text admin_label=\u00bbFooter Desktop &#8211; ES\u00bb _builder_version=\u00bb3.27.4&#8243; text_orientation=\u00bbcenter\u00bb]<\/p>\n<p><a href=\"\/es\/contacto-acceso\/\">9 Place Sainte Eug\u00e9nie, 64200 Biarritz<\/a><br \/> <a href=\"tel:+33 5 59 24 03 27\">Tel : +33 5 59 24 03 27<\/a>\u00a0<br \/> <a href=\"mailto:info@biarritz-hotel-ocean.com\">info@biarritz-hotel-ocean.com<\/a><\/p>\n<p>[\/et_pb_text][\/et_pb_column][et_pb_column type=\u00bb1_3&#8243; module_class=\u00bbfooter-desktop-column-3&#8243; _builder_version=\u00bb3.25&#8243; custom_padding=\u00bb|||\u00bb custom_padding__hover=\u00bb|||\u00bb][et_pb_text admin_label=\u00bbMentions l\u00e9gales\u00bb _builder_version=\u00bb3.27.4&#8243; text_orientation=\u00bbright\u00bb custom_padding=\u00bb|20px||\u00bb z_index_tablet=\u00bb500&#8243;]<\/p>\n<p>\u00a0<\/p>\n<p><a href=\"\/es\/avisos-legales\">Avisos legales<\/a><\/p>\n<p>\u00a0<\/p>\n<p>[\/et_pb_text][\/et_pb_column][\/et_pb_row][\/et_pb_section][et_pb_section fb_built=\u00bb1&#8243; disabled_on=\u00bb||on\u00bb module_class=\u00bbfooter-mobile-section\u00bb _builder_version=\u00bb3.17.2&#8243; background_color=\u00bb#a54044&#8243; global_module=\u00bb214838&#8243;][et_pb_row module_class=\u00bb et_pb_row_fullwidth\u00bb _builder_version=\u00bb3.25&#8243; width=\u00bb89%\u00bb width_tablet=\u00bb80%\u00bb width_last_edited=\u00bbon|desktop\u00bb max_width=\u00bb89%\u00bb max_width_tablet=\u00bb80%\u00bb max_width_last_edited=\u00bbon|desktop\u00bb custom_margin=\u00bb0px||0px|\u00bb custom_padding=\u00bb10px||10px|\u00bb make_fullwidth=\u00bbon\u00bb][et_pb_column type=\u00bb4_4&#8243; _builder_version=\u00bb3.25&#8243; custom_padding=\u00bb|||\u00bb custom_padding__hover=\u00bb|||\u00bb][et_pb_code admin_label=\u00bbFooter mobile &#8211; ES\u00bb module_class=\u00bbfooter-mobile-module\u00bb _builder_version=\u00bb3.21.4&#8243; custom_margin=\u00bb0px|||\u00bb]<a href=\"tel:+33 5 59 24 03 27\"><img class=\"footer-mobile-img\" src=\"\/wp-content\/uploads\/2018\/12\/telephone-White_FFFFFF.png\"><\/a>\u00a0\u00a0<!-- [et_pb_line_break_holder] --><a href=\"mailto:info@biarritz-hotel-ocean.com\"><img class=\"footer-mobile-img\" src=\"\/wp-content\/uploads\/2018\/12\/envelope-White_FFFFFF.png\"><\/a>\u00a0\u00a0<!-- [et_pb_line_break_holder] --><a href=\"\/es\/contacto-acceso\/\"><img class=\"footer-mobile-img\" src=\"\/wp-content\/uploads\/2018\/12\/map-marker-White_FFFFFF.png\"><\/a>[\/et_pb_code][\/et_pb_column][\/et_pb_row][\/et_pb_section][et_pb_section fb_built=\u00bb1&#8243; disabled_on=\u00bb||on\u00bb module_class=\u00bbmobile-footer-ML-section\u00bb _builder_version=\u00bb3.17.2&#8243; background_color=\u00bb#d1dede\u00bb custom_margin=\u00bb||0px|\u00bb custom_padding=\u00bb||15% !important|\u00bb global_module=\u00bb214841&#8243;][et_pb_row module_class=\u00bb et_pb_row_fullwidth\u00bb _builder_version=\u00bb3.25&#8243; width=\u00bb89%\u00bb width_tablet=\u00bb80%\u00bb width_last_edited=\u00bbon|desktop\u00bb max_width=\u00bb89%\u00bb max_width_tablet=\u00bb80%\u00bb max_width_last_edited=\u00bbon|desktop\u00bb module_alignment=\u00bbcenter\u00bb custom_margin=\u00bb||0px|\u00bb custom_padding=\u00bb5px|0px|5px|0px\u00bb make_fullwidth=\u00bbon\u00bb][et_pb_column type=\u00bb4_4&#8243; _builder_version=\u00bb3.25&#8243; custom_padding=\u00bb|||\u00bb custom_padding__hover=\u00bb|||\u00bb][et_pb_code admin_label=\u00bbFooter mobile mentions legales &#8211; ES\u00bb _builder_version=\u00bb3.21.4&#8243; text_orientation=\u00bbcenter\u00bb]<a href=\"\/es\/\">Hotel de l&#8217;Oc\u00e9an<\/a> | Made by <a href=\"https:\/\/www.altelis.com\/\" target=\"_blank\" rel=\"noopener noreferrer\"><strong>Altelis<\/strong><\/a> | <a href=\"\/es\/avisos-legales\">Avisos legales<\/a>[\/et_pb_code][\/et_pb_column][\/et_pb_row][\/et_pb_section]<\/p>\n","protected":false},"excerpt":{"rendered":"<p>[et_pb_section fb_built=\u00bb1&#8243; module_class=\u00bbintern-fullwidth-title\u00bb _builder_version=\u00bb3.22&#8243; use_background_color_gradient=\u00bbon\u00bb background_color_gradient_start=\u00bbrgba(0,0,0,0.2)\u00bb background_color_gradient_end=\u00bbrgba(0,0,0,0.2)\u00bb background_color_gradient_overlays_image=\u00bbon\u00bb background_image=\u00bbhttps:\/\/www.biarritz-hotel-ocean.com\/wp-content\/uploads\/2019\/02\/hotel-ocean.jpg\u00bb][et_pb_row _builder_version=\u00bb3.25&#8243; background_size=\u00bbinitial\u00bb background_position=\u00bbtop_left\u00bb background_repeat=\u00bbrepeat\u00bb][et_pb_column type=\u00bb4_4&#8243; _builder_version=\u00bb3.25&#8243; custom_padding=\u00bb|||\u00bb custom_padding__hover=\u00bb|||\u00bb][et_pb_text admin_label=\u00bbTitre\u00bb _builder_version=\u00bb3.27.4&#8243; header_text_align=\u00bbcenter\u00bb header_text_color=\u00bb#ffffff\u00bb] Hotel de l&#8217;Oc\u00e9an &#8211; Servicios [\/et_pb_text][\/et_pb_column][\/et_pb_row][\/et_pb_section][et_pb_section fb_built=\u00bb1&#8243; _builder_version=\u00bb3.22&#8243;][et_pb_row column_structure=\u00bb3_5,2_5&#8243; use_custom_gutter=\u00bbon\u00bb gutter_width=\u00bb1&#8243; make_equal=\u00bbon\u00bb module_class=\u00bbbloc-row\u00bb _builder_version=\u00bb3.25&#8243;][et_pb_column type=\u00bb3_5&#8243; _builder_version=\u00bb3.25&#8243; background_image=\u00bbhttps:\/\/www.biarritz-hotel-ocean.com\/wp-content\/uploads\/2019\/03\/Hotel-Ocean-4.jpg\u00bb background_position=\u00bbbottom_center\u00bb custom_padding=\u00bb|||\u00bb custom_padding__hover=\u00bb|||\u00bb][\/et_pb_column][et_pb_column type=\u00bb2_5&#8243; _builder_version=\u00bb3.25&#8243; custom_padding=\u00bb|||\u00bb custom_padding__hover=\u00bb|||\u00bb][et_pb_text admin_label=\u00bbReception\u00bb module_class=\u00bbbloc-module\u00bb _builder_version=\u00bb3.27.4&#8243; header_text_color=\u00bb#a54044&#8243; background_color=\u00bb#ede3d9&#8243; text_orientation=\u00bbjustified\u00bb] Recepci\u00f3n Abierto las 24 [&hellip;]<\/p>\n","protected":false},"author":1,"featured_media":0,"parent":0,"menu_order":0,"comment_status":"closed","ping_status":"closed","template":"","meta":{"_et_pb_use_builder":"on","_et_pb_old_content":"","_et_gb_content_width":""},"_links":{"self":[{"href":"https:\/\/www.biarritz-hotel-ocean.com\/es\/wp-json\/wp\/v2\/pages\/214855"}],"collection":[{"href":"https:\/\/www.biarritz-hotel-ocean.com\/es\/wp-json\/wp\/v2\/pages"}],"about":[{"href":"https:\/\/www.biarritz-hotel-ocean.com\/es\/wp-json\/wp\/v2\/types\/page"}],"author":[{"embeddable":true,"href":"https:\/\/www.biarritz-hotel-ocean.com\/es\/wp-json\/wp\/v2\/users\/1"}],"replies":[{"embeddable":true,"href":"https:\/\/www.biarritz-hotel-ocean.com\/es\/wp-json\/wp\/v2\/comments?post=214855"}],"version-history":[{"count":0,"href":"https:\/\/www.biarritz-hotel-ocean.com\/es\/wp-json\/wp\/v2\/pages\/214855\/revisions"}],"wp:attachment":[{"href":"https:\/\/www.biarritz-hotel-ocean.com\/es\/wp-json\/wp\/v2\/media?parent=214855"}],"curies":[{"name":"wp","href":"https:\/\/api.w.org\/{rel}","templated":true}]}}