{"id":214879,"date":"2018-11-29T14:57:54","date_gmt":"2018-11-29T14:57:54","guid":{"rendered":"http:\/\/www.biarritz-hotel-ocean.com\/offres-speciales\/"},"modified":"2022-06-19T13:12:20","modified_gmt":"2022-06-19T13:12:20","slug":"ofertas-especiales","status":"publish","type":"page","link":"https:\/\/www.biarritz-hotel-ocean.com\/es\/ofertas-especiales\/","title":{"rendered":"Ofertas especiales"},"content":{"rendered":"<p>[et_pb_section fb_built=\u00bb1&#8243; module_class=\u00bbintern-fullwidth-title\u00bb _builder_version=\u00bb3.22&#8243; use_background_color_gradient=\u00bbon\u00bb background_color_gradient_start=\u00bbrgba(0,0,0,0.2)\u00bb background_color_gradient_end=\u00bbrgba(0,0,0,0.2)\u00bb background_color_gradient_overlays_image=\u00bbon\u00bb background_image=\u00bbhttps:\/\/www.biarritz-hotel-ocean.com\/wp-content\/uploads\/2019\/02\/hotel-ocean.jpg\u00bb][et_pb_row _builder_version=\u00bb3.25&#8243; background_size=\u00bbinitial\u00bb background_position=\u00bbtop_left\u00bb background_repeat=\u00bbrepeat\u00bb][et_pb_column type=\u00bb4_4&#8243; _builder_version=\u00bb3.25&#8243; custom_padding=\u00bb|||\u00bb custom_padding__hover=\u00bb|||\u00bb][et_pb_text admin_label=\u00bbTitre\u00bb _builder_version=\u00bb3.27.4&#8243; header_text_align=\u00bbcenter\u00bb header_text_color=\u00bb#ffffff\u00bb]<\/p>\n<h1>Hotel de l&#8217;Oc\u00e9an &#8211; Ofertas especiales<\/h1>\n<p>[\/et_pb_text][\/et_pb_column][\/et_pb_row][\/et_pb_section][et_pb_section fb_built=\u00bb1&#8243; _builder_version=\u00bb3.22&#8243;][et_pb_row column_structure=\u00bb1_2,1_2&#8243; use_custom_gutter=\u00bbon\u00bb gutter_width=\u00bb2&#8243; make_equal=\u00bbon\u00bb _builder_version=\u00bb3.25&#8243;][et_pb_column type=\u00bb1_2&#8243; _builder_version=\u00bb3.25&#8243; custom_padding=\u00bb|||\u00bb custom_padding__hover=\u00bb|||\u00bb][et_pb_cta title=\u00bb\u00a1La mejor tarifa disponible!\u00bb admin_label=\u00bbTarifs Flexible\u00bb module_class=\u00bboffers-cta-module\u00bb _builder_version=\u00bb4.9.4&#8243; header_text_align=\u00bbcenter\u00bb header_text_color=\u00bb#a54044&#8243; header_font_size=\u00bb45&#8243; header_letter_spacing=\u00bb1px\u00bb body_text_color=\u00bb#000000&#8243; body_font_size=\u00bb16&#8243; background_color=\u00bb#ede3d9&#8243; text_orientation=\u00bbleft\u00bb hover_enabled=\u00bb0&#8243; sticky_enabled=\u00bb0&#8243;]<\/p>\n<div class=\"text-div\">\n<div class=\"description-text-div\">\n<ul>\n<li>la mejor tarifa con las mejores condiciones en nuestra web oficial<\/li>\n<li>\u00a1Hasta 20\u20ac de descuento en comparaci\u00f3n con otros sitios de reserva!<\/li>\n<li>Modificaci\u00f3n y cancelaci\u00f3n gratuita hasta 2 o 7 d\u00edas antes de la llegada, seg\u00fan la temporada<\/li>\n<li>Pagar directamente en el lugar, a la llegada<\/li>\n<\/ul>\n<\/div>\n<\/div>\n<p>[\/et_pb_cta][\/et_pb_column][et_pb_column type=\u00bb1_2&#8243; _builder_version=\u00bb3.25&#8243; custom_padding=\u00bb|||\u00bb custom_padding__hover=\u00bb|||\u00bb][et_pb_cta title=\u00bbOferta no cancelable y no reembolsable\u00bb admin_label=\u00bbTarif non annulable \/ non remboursable #Save Monney\u00bb module_class=\u00bboffers-cta-module\u00bb _builder_version=\u00bb4.9.4&#8243; header_text_align=\u00bbcenter\u00bb header_text_color=\u00bb#a54044&#8243; header_font_size=\u00bb45&#8243; header_letter_spacing=\u00bb1px\u00bb body_text_color=\u00bb#000000&#8243; body_font_size=\u00bb16&#8243; background_color=\u00bb#ede3d9&#8243; text_orientation=\u00bbleft\u00bb hover_enabled=\u00bb0&#8243; sticky_enabled=\u00bb0&#8243;]<\/p>\n<div class=\"text-div\">\n<div class=\"description-text-div\">\n<ul>\n<li>\u00bfes seguro que vendr\u00e1 al hotel ocean?<\/li>\n<li>Benef\u00edciese de un descuento adicional de 20 euros si elige la tarifa no reembolsable:<\/li>\n<li>La reserva no es modificable, ni cancelable, ni reembolsable<\/li>\n<li>Pague directamente en l\u00ednea en nuestro sitio web oficial<\/li>\n<\/ul>\n<\/div>\n<\/div>\n<p>&nbsp;<\/p>\n<p>[\/et_pb_cta][\/et_pb_column][\/et_pb_row][et_pb_row column_structure=\u00bb1_2,1_2&#8243; use_custom_gutter=\u00bbon\u00bb gutter_width=\u00bb2&#8243; make_equal=\u00bbon\u00bb _builder_version=\u00bb3.25&#8243;][et_pb_column type=\u00bb1_2&#8243; _builder_version=\u00bb3.25&#8243; custom_padding=\u00bb|||\u00bb custom_padding__hover=\u00bb|||\u00bb][et_pb_cta title=\u00bbTarifa de media pensi\u00f3n\u00bb admin_label=\u00bbTarif demi-pension\u00bb module_class=\u00bboffers-cta-module\u00bb _builder_version=\u00bb4.9.4&#8243; header_text_align=\u00bbcenter\u00bb header_text_color=\u00bb#a54044&#8243; header_font_size=\u00bb45&#8243; header_letter_spacing=\u00bb1px\u00bb body_text_color=\u00bb#000000&#8243; body_font_size=\u00bb16&#8243; background_color=\u00bb#ede3d9&#8243; text_orientation=\u00bbleft\u00bb hover_enabled=\u00bb0&#8243; sticky_enabled=\u00bb0&#8243;]<\/p>\n<div class=\"text-div\">\n<div class=\"description-text-div\">\n<ul>\n<li>oferta exclusiva de media pensi\u00f3n que incluye :<\/li>\n<li>Su habitaci\u00f3n y el desayuno<\/li>\n<li>La cena en el Caf\u00e9 de la Place<\/li>\n<li>Puede reservar directamente en nuestro sitio web oficial<\/li>\n<\/ul>\n<\/div>\n<\/div>\n<p>[\/et_pb_cta][\/et_pb_column][et_pb_column type=\u00bb1_2&#8243; _builder_version=\u00bb3.25&#8243; custom_padding=\u00bb|||\u00bb custom_padding__hover=\u00bb|||\u00bb][et_pb_cta title=\u00bbTarifa de empresa negociada\u00bb admin_label=\u00bbTarif soci\u00e9t\u00e9\u00bb module_class=\u00bboffers-cta-module\u00bb _builder_version=\u00bb4.9.4&#8243; header_text_align=\u00bbcenter\u00bb header_text_color=\u00bb#a54044&#8243; header_font_size=\u00bb45&#8243; header_letter_spacing=\u00bb1px\u00bb body_text_color=\u00bb#000000&#8243; body_font_size=\u00bb16&#8243; background_color=\u00bb#ede3d9&#8243; text_orientation=\u00bbleft\u00bb hover_enabled=\u00bb0&#8243; sticky_enabled=\u00bb0&#8243;]<\/p>\n<div class=\"text-div\">\n<div class=\"description-text-div\">\n<ul>\n<li>\u00bfviene a Biarritz por trabajo?<\/li>\n<li>Ofrecemos tarifas negociadas (fuera de temporada)<\/li>\n<li>Y facilidades de reserva y pago adaptadas a su empresa<\/li>\n<li>P\u00f3ngase en contacto con nosotros directamente para obtener m\u00e1s informaci\u00f3n<\/li>\n<\/ul>\n<\/div>\n<\/div>\n<p>&nbsp;<\/p>\n<p>[\/et_pb_cta][\/et_pb_column][\/et_pb_row][\/et_pb_section][et_pb_section fb_built=\u00bb1&#8243; prev_background_color=\u00bb#ffffff\u00bb disabled_on=\u00bbon|on|\u00bb _builder_version=\u00bb3.17.2&#8243; background_color=\u00bb#d1dede\u00bb custom_padding=\u00bb15px|0px|15px|0px\u00bb top_divider_style=\u00bbwave2&#8243; top_divider_height=\u00bb20px\u00bb top_divider_repeat=\u00bb8x\u00bb top_divider_arrangement=\u00bbabove_content\u00bb global_module=\u00bb214835&#8243;][et_pb_row module_class=\u00bbfooter-row\u00bb _builder_version=\u00bb3.25&#8243; max_width=\u00bb1280px\u00bb custom_margin=\u00bb20px||0px||false\u00bb custom_padding=\u00bb10px|0px|10px|0px\u00bb use_custom_width=\u00bbon\u00bb custom_width_px=\u00bb1280px\u00bb column_structure=\u00bb1_3,1_3,1_3&#8243;][et_pb_column type=\u00bb1_3&#8243; module_class=\u00bbfooter-desktop-column-1&#8243; _builder_version=\u00bb3.25&#8243; custom_padding=\u00bb|||\u00bb custom_padding__hover=\u00bb|||\u00bb][et_pb_image src=\u00bbhttps:\/\/www.biarritz-hotel-ocean.com\/wp-content\/uploads\/2019\/04\/logo_hoteldelocean.png\u00bb url=\u00bb\/es\/\u00bb align=\u00bbcenter\u00bb align_tablet=\u00bbcenter\u00bb align_last_edited=\u00bbon|desktop\u00bb admin_label=\u00bbLogo\u00bb module_class=\u00bbfooter-image-module\u00bb _builder_version=\u00bb3.23&#8243;][\/et_pb_image][\/et_pb_column][et_pb_column type=\u00bb1_3&#8243; module_class=\u00bbfooter-desktop-column-2&#8243; _builder_version=\u00bb3.25&#8243; custom_padding=\u00bb|||\u00bb custom_padding__hover=\u00bb|||\u00bb][et_pb_text admin_label=\u00bbFooter Desktop &#8211; ES\u00bb _builder_version=\u00bb3.27.4&#8243; text_orientation=\u00bbcenter\u00bb]<\/p>\n<p><a href=\"\/es\/contacto-acceso\/\">9 Place Sainte Eug\u00e9nie, 64200 Biarritz<\/a><br \/> <a href=\"tel:+33 5 59 24 03 27\">Tel : +33 5 59 24 03 27<\/a>\u00a0<br \/> <a href=\"mailto:info@biarritz-hotel-ocean.com\">info@biarritz-hotel-ocean.com<\/a><\/p>\n<p>[\/et_pb_text][\/et_pb_column][et_pb_column type=\u00bb1_3&#8243; module_class=\u00bbfooter-desktop-column-3&#8243; _builder_version=\u00bb3.25&#8243; custom_padding=\u00bb|||\u00bb custom_padding__hover=\u00bb|||\u00bb][et_pb_text admin_label=\u00bbMentions l\u00e9gales\u00bb _builder_version=\u00bb3.27.4&#8243; text_orientation=\u00bbright\u00bb custom_padding=\u00bb|20px||\u00bb z_index_tablet=\u00bb500&#8243;]<\/p>\n<p>\u00a0<\/p>\n<p><a href=\"\/es\/avisos-legales\">Avisos legales<\/a><\/p>\n<p>\u00a0<\/p>\n<p>[\/et_pb_text][\/et_pb_column][\/et_pb_row][\/et_pb_section][et_pb_section fb_built=\u00bb1&#8243; disabled_on=\u00bb||on\u00bb module_class=\u00bbfooter-mobile-section\u00bb _builder_version=\u00bb3.17.2&#8243; background_color=\u00bb#a54044&#8243; global_module=\u00bb214838&#8243;][et_pb_row module_class=\u00bb et_pb_row_fullwidth\u00bb _builder_version=\u00bb3.25&#8243; width=\u00bb89%\u00bb width_tablet=\u00bb80%\u00bb width_last_edited=\u00bbon|desktop\u00bb max_width=\u00bb89%\u00bb max_width_tablet=\u00bb80%\u00bb max_width_last_edited=\u00bbon|desktop\u00bb custom_margin=\u00bb0px||0px|\u00bb custom_padding=\u00bb10px||10px|\u00bb make_fullwidth=\u00bbon\u00bb][et_pb_column type=\u00bb4_4&#8243; _builder_version=\u00bb3.25&#8243; custom_padding=\u00bb|||\u00bb custom_padding__hover=\u00bb|||\u00bb][et_pb_code admin_label=\u00bbFooter mobile &#8211; ES\u00bb module_class=\u00bbfooter-mobile-module\u00bb _builder_version=\u00bb3.21.4&#8243; custom_margin=\u00bb0px|||\u00bb]<a href=\"tel:+33 5 59 24 03 27\"><img class=\"footer-mobile-img\" src=\"\/wp-content\/uploads\/2018\/12\/telephone-White_FFFFFF.png\"><\/a>\u00a0\u00a0<!-- [et_pb_line_break_holder] --><a href=\"mailto:info@biarritz-hotel-ocean.com\"><img class=\"footer-mobile-img\" src=\"\/wp-content\/uploads\/2018\/12\/envelope-White_FFFFFF.png\"><\/a>\u00a0\u00a0<!-- [et_pb_line_break_holder] --><a href=\"\/es\/contacto-acceso\/\"><img class=\"footer-mobile-img\" src=\"\/wp-content\/uploads\/2018\/12\/map-marker-White_FFFFFF.png\"><\/a>[\/et_pb_code][\/et_pb_column][\/et_pb_row][\/et_pb_section][et_pb_section fb_built=\u00bb1&#8243; disabled_on=\u00bb||on\u00bb module_class=\u00bbmobile-footer-ML-section\u00bb _builder_version=\u00bb3.17.2&#8243; background_color=\u00bb#d1dede\u00bb custom_margin=\u00bb||0px|\u00bb custom_padding=\u00bb||15% !important|\u00bb global_module=\u00bb214841&#8243;][et_pb_row module_class=\u00bb et_pb_row_fullwidth\u00bb _builder_version=\u00bb3.25&#8243; width=\u00bb89%\u00bb width_tablet=\u00bb80%\u00bb width_last_edited=\u00bbon|desktop\u00bb max_width=\u00bb89%\u00bb max_width_tablet=\u00bb80%\u00bb max_width_last_edited=\u00bbon|desktop\u00bb module_alignment=\u00bbcenter\u00bb custom_margin=\u00bb||0px|\u00bb custom_padding=\u00bb5px|0px|5px|0px\u00bb make_fullwidth=\u00bbon\u00bb][et_pb_column type=\u00bb4_4&#8243; _builder_version=\u00bb3.25&#8243; custom_padding=\u00bb|||\u00bb custom_padding__hover=\u00bb|||\u00bb][et_pb_code admin_label=\u00bbFooter mobile mentions legales &#8211; ES\u00bb _builder_version=\u00bb3.21.4&#8243; text_orientation=\u00bbcenter\u00bb]<a href=\"\/es\/\">Hotel de l&#8217;Oc\u00e9an<\/a> | Made by <a href=\"https:\/\/www.altelis.com\/\" target=\"_blank\" rel=\"noopener noreferrer\"><strong>Altelis<\/strong><\/a> | <a href=\"\/es\/avisos-legales\">Avisos legales<\/a>[\/et_pb_code][\/et_pb_column][\/et_pb_row][\/et_pb_section]<\/p>\n","protected":false},"excerpt":{"rendered":"<p>[et_pb_section fb_built=\u00bb1&#8243; module_class=\u00bbintern-fullwidth-title\u00bb _builder_version=\u00bb3.22&#8243; use_background_color_gradient=\u00bbon\u00bb background_color_gradient_start=\u00bbrgba(0,0,0,0.2)\u00bb background_color_gradient_end=\u00bbrgba(0,0,0,0.2)\u00bb background_color_gradient_overlays_image=\u00bbon\u00bb background_image=\u00bbhttps:\/\/www.biarritz-hotel-ocean.com\/wp-content\/uploads\/2019\/02\/hotel-ocean.jpg\u00bb][et_pb_row _builder_version=\u00bb3.25&#8243; background_size=\u00bbinitial\u00bb background_position=\u00bbtop_left\u00bb background_repeat=\u00bbrepeat\u00bb][et_pb_column type=\u00bb4_4&#8243; _builder_version=\u00bb3.25&#8243; custom_padding=\u00bb|||\u00bb custom_padding__hover=\u00bb|||\u00bb][et_pb_text admin_label=\u00bbTitre\u00bb _builder_version=\u00bb3.27.4&#8243; header_text_align=\u00bbcenter\u00bb header_text_color=\u00bb#ffffff\u00bb] Hotel de l&#8217;Oc\u00e9an &#8211; Ofertas especiales [\/et_pb_text][\/et_pb_column][\/et_pb_row][\/et_pb_section][et_pb_section fb_built=\u00bb1&#8243; _builder_version=\u00bb3.22&#8243;][et_pb_row column_structure=\u00bb1_2,1_2&#8243; use_custom_gutter=\u00bbon\u00bb gutter_width=\u00bb2&#8243; make_equal=\u00bbon\u00bb _builder_version=\u00bb3.25&#8243;][et_pb_column type=\u00bb1_2&#8243; _builder_version=\u00bb3.25&#8243; custom_padding=\u00bb|||\u00bb custom_padding__hover=\u00bb|||\u00bb][et_pb_cta title=\u00bb\u00a1La mejor tarifa disponible!\u00bb admin_label=\u00bbTarifs Flexible\u00bb module_class=\u00bboffers-cta-module\u00bb _builder_version=\u00bb4.9.4&#8243; header_text_align=\u00bbcenter\u00bb header_text_color=\u00bb#a54044&#8243; header_font_size=\u00bb45&#8243; header_letter_spacing=\u00bb1px\u00bb body_text_color=\u00bb#000000&#8243; body_font_size=\u00bb16&#8243; background_color=\u00bb#ede3d9&#8243; text_orientation=\u00bbleft\u00bb [&hellip;]<\/p>\n","protected":false},"author":1,"featured_media":0,"parent":0,"menu_order":0,"comment_status":"closed","ping_status":"closed","template":"","meta":{"_et_pb_use_builder":"on","_et_pb_old_content":"","_et_gb_content_width":""},"_links":{"self":[{"href":"https:\/\/www.biarritz-hotel-ocean.com\/es\/wp-json\/wp\/v2\/pages\/214879"}],"collection":[{"href":"https:\/\/www.biarritz-hotel-ocean.com\/es\/wp-json\/wp\/v2\/pages"}],"about":[{"href":"https:\/\/www.biarritz-hotel-ocean.com\/es\/wp-json\/wp\/v2\/types\/page"}],"author":[{"embeddable":true,"href":"https:\/\/www.biarritz-hotel-ocean.com\/es\/wp-json\/wp\/v2\/users\/1"}],"replies":[{"embeddable":true,"href":"https:\/\/www.biarritz-hotel-ocean.com\/es\/wp-json\/wp\/v2\/comments?post=214879"}],"version-history":[{"count":0,"href":"https:\/\/www.biarritz-hotel-ocean.com\/es\/wp-json\/wp\/v2\/pages\/214879\/revisions"}],"wp:attachment":[{"href":"https:\/\/www.biarritz-hotel-ocean.com\/es\/wp-json\/wp\/v2\/media?parent=214879"}],"curies":[{"name":"wp","href":"https:\/\/api.w.org\/{rel}","templated":true}]}}