{"id":214884,"date":"2018-12-05T09:46:41","date_gmt":"2018-12-05T09:46:41","guid":{"rendered":"http:\/\/www.biarritz-hotel-ocean.com\/mentions-legales\/"},"modified":"2019-04-29T12:52:29","modified_gmt":"2019-04-29T12:52:29","slug":"avisos-legales","status":"publish","type":"page","link":"https:\/\/www.biarritz-hotel-ocean.com\/es\/avisos-legales\/","title":{"rendered":"Avisos legales"},"content":{"rendered":"<p>[et_pb_section fb_built=\u00bb1&#8243; disabled_on=\u00bboff|off|off\u00bb admin_label=\u00bbSection\u00bb module_class=\u00bbintern-fullwidth-title\u00bb _builder_version=\u00bb3.21.4&#8243; use_background_color_gradient=\u00bbon\u00bb background_color_gradient_start=\u00bbrgba(0,0,0,0.2)\u00bb background_color_gradient_end=\u00bbrgba(0,0,0,0.2)\u00bb background_color_gradient_overlays_image=\u00bbon\u00bb background_image=\u00bbhttps:\/\/www.biarritz-hotel-ocean.com\/wp-content\/uploads\/2019\/02\/hotel-ocean.jpg\u00bb][et_pb_row _builder_version=\u00bb3.0.48&#8243; background_size=\u00bbinitial\u00bb background_position=\u00bbtop_left\u00bb background_repeat=\u00bbrepeat\u00bb][et_pb_column type=\u00bb4_4&#8243; _builder_version=\u00bb3.0.47&#8243;][et_pb_text admin_label=\u00bbTitre\u00bb _builder_version=\u00bb3.21.4&#8243; header_text_align=\u00bbcenter\u00bb header_text_color=\u00bb#ffffff\u00bb]<\/p>\n<h1>Hotel de l&#8217;Oc\u00e9an &#8211; Avisos legales<\/h1>\n<p>[\/et_pb_text][\/et_pb_column][\/et_pb_row][\/et_pb_section][et_pb_section fb_built=\u00bb1&#8243; _builder_version=\u00bb3.17.2&#8243;][et_pb_row use_custom_width=\u00bbon\u00bb width_unit=\u00bboff\u00bb custom_width_percent=\u00bb85%\u00bb use_custom_gutter=\u00bbon\u00bb gutter_width=\u00bb2&#8243; custom_padding=\u00bb0|0px|0|0px|false|false\u00bb make_equal=\u00bbon\u00bb _builder_version=\u00bb3.17.2&#8243;][et_pb_column type=\u00bb1_3&#8243; _builder_version=\u00bb3.0.47&#8243;][et_pb_text admin_label=\u00bbPropri\u00e9taire\u00bb module_class=\u00bbcontact-blocs-module\u00bb _builder_version=\u00bb3.21.4&#8243; header_2_font=\u00bbQuicksand||||||||\u00bb header_2_line_height=\u00bb2.7em\u00bb background_color=\u00bb#ede3d9&#8243;]<\/p>\n<div class=\"text-div\">\n<h2>Propietario : Hotel de l&#8217;Oc\u00e9an<\/h2>\n<div class=\"contact-description-text-div\">\n<p><span>Tel\u00e9fono : <\/span>+33 5 59 24 03 27<\/p>\n<p><span>Direcci\u00f3n : <\/span>9, Place Sainte Eug\u00e9nie 64200 Biarritz &#8211; France<\/p>\n<p><span>Correo electr\u00f3nico: <\/span>info@biarritz-hotel-ocean.com<\/p>\n<p><span>SIRET : <\/span>N\u00b084083115000015<\/p>\n<p><span>RCS : <\/span>Bayonne<\/p>\n<p><span>N\u00b0 de TVA intracomunitario : <\/span>FR23840831150<\/p>\n<p><span>Forma jur\u00eddica : <\/span>Soci\u00e9t\u00e9 \u00e0 responsabilit\u00e9 limit\u00e9e<\/p>\n<p><span>Capital social : <\/span>7 622,45\u20ac<\/p>\n<p><span>Directora de la publicaci\u00f3n : <\/span>Sarah Pentecote<\/p>\n<\/div>\n<\/div>\n<p>[\/et_pb_text][\/et_pb_column][et_pb_column type=\u00bb1_3&#8243; _builder_version=\u00bb3.0.47&#8243;][et_pb_text admin_label=\u00bbCr\u00e9ation du site\u00bb module_class=\u00bbcontact-blocs-module\u00bb _builder_version=\u00bb3.21.4&#8243; header_2_font=\u00bbQuicksand||||||||\u00bb header_2_line_height=\u00bb2.7em\u00bb background_color=\u00bb#ede3d9&#8243;]<\/p>\n<div class=\"text-div\">\n<h2>Creaci\u00f3n de p\u00e1ginas : Altelis<\/h2>\n<div class=\"contact-description-text-div\">\n<p><span>Tel\u00e9fono : <\/span>+33(0)1 85 09 74 06<\/p>\n<p><span>Direcci\u00f3n : <\/span>37, rue Adam Ledoux 92400 Courbevoie &#8211; France<\/p>\n<p><span>SIRET : <\/span>N\u00b080164723100050<\/p>\n<p><span>RCS : <\/span>Paris B 801647231<\/p>\n<p><span>N\u00b0 de TVA intracomunitario : <\/span>FR44801647231<\/p>\n<p><span>Forma jur\u00eddica : <\/span>Soci\u00e9t\u00e9 \u00e0 responsabilit\u00e9 limit\u00e9e<\/p>\n<p><span>Capital social : <\/span>100.000,00 Euros<\/p>\n<\/div>\n<\/div>\n<p>[\/et_pb_text][\/et_pb_column][et_pb_column type=\u00bb1_3&#8243; _builder_version=\u00bb3.0.47&#8243;][et_pb_text admin_label=\u00bbH\u00e9bergement\u00bb module_class=\u00bbcontact-blocs-module\u00bb _builder_version=\u00bb3.21.4&#8243; header_2_font=\u00bbQuicksand||||||||\u00bb header_2_line_height=\u00bb2.7em\u00bb background_color=\u00bb#ede3d9&#8243;]<\/p>\n<div class=\"text-div\">\n<h2>Alojamiento : OVH<\/h2>\n<div class=\"contact-description-text-div\">\n<p><span>Tel\u00e9fono : <\/span>+33(0)8 99 70 17 61<\/p>\n<p><span>Direcci\u00f3n : <\/span>2, rue Kellermann 59100 Roubaix \u2013 France<\/p>\n<p><span>SIRET : <\/span>N\u00b042476141900045<\/p>\n<p><span>RCS : <\/span>Lille Metropole B 424761419<\/p>\n<p><span>N\u00b0 de TVA intracomunitario : <\/span>FR22424761419<\/p>\n<p><span>Forma jur\u00eddica : <\/span>Soci\u00e9t\u00e9 par actions simplifi\u00e9e<\/p>\n<p><span>Capital social : <\/span>10.000.000,00 Euros<\/p>\n<\/div>\n<\/div>\n<p>[\/et_pb_text][\/et_pb_column][\/et_pb_row][\/et_pb_section][et_pb_section fb_built=\u00bb1&#8243; prev_background_color=\u00bb#ffffff\u00bb disabled_on=\u00bbon|on|\u00bb _builder_version=\u00bb3.17.2&#8243; background_color=\u00bb#d1dede\u00bb custom_padding=\u00bb15px|0px|15px|0px\u00bb top_divider_style=\u00bbwave2&#8243; top_divider_height=\u00bb20px\u00bb top_divider_repeat=\u00bb8x\u00bb top_divider_arrangement=\u00bbabove_content\u00bb global_module=\u00bb214835&#8243;][et_pb_row use_custom_width=\u00bbon\u00bb custom_width_px=\u00bb1280px\u00bb custom_padding=\u00bb10px|0px|10px|0px\u00bb custom_margin=\u00bb20px||0px||false\u00bb module_class_1=\u00bbfooter-desktop-column-1&#8243; module_class_2=\u00bbfooter-desktop-column-2&#8243; module_class_3=\u00bbfooter-desktop-column-3&#8243; module_class=\u00bbfooter-row\u00bb _builder_version=\u00bb3.17.2&#8243;][et_pb_column type=\u00bb1_3&#8243; _builder_version=\u00bb3.0.47&#8243;][et_pb_image src=\u00bbhttps:\/\/www.biarritz-hotel-ocean.com\/wp-content\/uploads\/2019\/04\/logo_hoteldelocean.png\u00bb url=\u00bb\/es\/\u00bb align=\u00bbcenter\u00bb admin_label=\u00bbLogo\u00bb module_class=\u00bbfooter-image-module\u00bb _builder_version=\u00bb3.21.4&#8243;][\/et_pb_image][\/et_pb_column][et_pb_column type=\u00bb1_3&#8243; _builder_version=\u00bb3.0.47&#8243;][et_pb_text admin_label=\u00bbFooter Desktop &#8211; ES\u00bb _builder_version=\u00bb3.21.4&#8243; text_orientation=\u00bbcenter\u00bb]<\/p>\n<p><a href=\"\/es\/contacto-acceso\/\">9 Place Sainte Eug\u00e9nie, 64200 Biarritz<\/a><br \/> <a href=\"tel:+33 5 59 24 03 27\">Tel : +33 5 59 24 03 27<\/a>\u00a0<br \/> <a href=\"mailto:info@biarritz-hotel-ocean.com\">info@biarritz-hotel-ocean.com<\/a><\/p>\n<p>[\/et_pb_text][\/et_pb_column][et_pb_column type=\u00bb1_3&#8243; _builder_version=\u00bb3.0.47&#8243;][et_pb_text admin_label=\u00bbMentions l\u00e9gales\u00bb _builder_version=\u00bb3.21.4&#8243; text_orientation=\u00bbright\u00bb custom_padding=\u00bb|20px||\u00bb z_index_tablet=\u00bb500&#8243;]<\/p>\n<p>\u00a0<\/p>\n<p><a href=\"\/es\/avisos-legales\">Avisos legales<\/a><\/p>\n<p>\u00a0<\/p>\n<p>[\/et_pb_text][\/et_pb_column][\/et_pb_row][\/et_pb_section][et_pb_section fb_built=\u00bb1&#8243; disabled_on=\u00bb||on\u00bb module_class=\u00bbfooter-mobile-section\u00bb _builder_version=\u00bb3.17.2&#8243; background_color=\u00bb#a54044&#8243; global_module=\u00bb214838&#8243;][et_pb_row make_fullwidth=\u00bbon\u00bb custom_padding=\u00bb10px||10px|\u00bb custom_margin=\u00bb0px||0px|\u00bb _builder_version=\u00bb3.17.2&#8243;][et_pb_column type=\u00bb4_4&#8243; _builder_version=\u00bb3.0.47&#8243;][et_pb_code admin_label=\u00bbFooter mobile &#8211; ES\u00bb module_class=\u00bbfooter-mobile-module\u00bb _builder_version=\u00bb3.21.4&#8243; custom_margin=\u00bb0px|||\u00bb]<a href=\"tel:+33 5 59 24 03 27\"><img class=\"footer-mobile-img\" src=\"\/wp-content\/uploads\/2018\/12\/telephone-White_FFFFFF.png\"><\/a>\u00a0\u00a0<!-- [et_pb_line_break_holder] --><a href=\"mailto:info@biarritz-hotel-ocean.com\"><img class=\"footer-mobile-img\" src=\"\/wp-content\/uploads\/2018\/12\/envelope-White_FFFFFF.png\"><\/a>\u00a0\u00a0<!-- [et_pb_line_break_holder] --><a href=\"\/es\/contacto-acceso\/\"><img class=\"footer-mobile-img\" src=\"\/wp-content\/uploads\/2018\/12\/map-marker-White_FFFFFF.png\"><\/a>[\/et_pb_code][\/et_pb_column][\/et_pb_row][\/et_pb_section][et_pb_section fb_built=\u00bb1&#8243; disabled_on=\u00bb||on\u00bb module_class=\u00bbmobile-footer-ML-section\u00bb _builder_version=\u00bb3.17.2&#8243; background_color=\u00bb#d1dede\u00bb custom_margin=\u00bb||0px|\u00bb custom_padding=\u00bb||15% !important|\u00bb global_module=\u00bb214841&#8243;][et_pb_row make_fullwidth=\u00bbon\u00bb custom_padding=\u00bb5px|0px|5px|0px\u00bb custom_margin=\u00bb||0px|\u00bb _builder_version=\u00bb3.17.2&#8243; module_alignment=\u00bbcenter\u00bb][et_pb_column type=\u00bb4_4&#8243; _builder_version=\u00bb3.0.47&#8243;][et_pb_code admin_label=\u00bbFooter mobile mentions legales &#8211; ES\u00bb _builder_version=\u00bb3.21.4&#8243; text_orientation=\u00bbcenter\u00bb]<a href=\"\/es\/\">Hotel de l&#8217;Oc\u00e9an<\/a> | Made by <a href=\"https:\/\/www.altelis.com\/\" target=\"_blank\" rel=\"noopener noreferrer\"><strong>Altelis<\/strong><\/a> | <a href=\"\/es\/avisos-legales\">Avisos legales<\/a>[\/et_pb_code][\/et_pb_column][\/et_pb_row][\/et_pb_section]<\/p>\n","protected":false},"excerpt":{"rendered":"<p>[et_pb_section fb_built=\u00bb1&#8243; disabled_on=\u00bboff|off|off\u00bb admin_label=\u00bbSection\u00bb module_class=\u00bbintern-fullwidth-title\u00bb _builder_version=\u00bb3.21.4&#8243; use_background_color_gradient=\u00bbon\u00bb background_color_gradient_start=\u00bbrgba(0,0,0,0.2)\u00bb background_color_gradient_end=\u00bbrgba(0,0,0,0.2)\u00bb background_color_gradient_overlays_image=\u00bbon\u00bb background_image=\u00bbhttps:\/\/www.biarritz-hotel-ocean.com\/wp-content\/uploads\/2019\/02\/hotel-ocean.jpg\u00bb][et_pb_row _builder_version=\u00bb3.0.48&#8243; background_size=\u00bbinitial\u00bb background_position=\u00bbtop_left\u00bb background_repeat=\u00bbrepeat\u00bb][et_pb_column type=\u00bb4_4&#8243; _builder_version=\u00bb3.0.47&#8243;][et_pb_text admin_label=\u00bbTitre\u00bb _builder_version=\u00bb3.21.4&#8243; header_text_align=\u00bbcenter\u00bb header_text_color=\u00bb#ffffff\u00bb] Hotel de l&#8217;Oc\u00e9an &#8211; Avisos legales [\/et_pb_text][\/et_pb_column][\/et_pb_row][\/et_pb_section][et_pb_section fb_built=\u00bb1&#8243; _builder_version=\u00bb3.17.2&#8243;][et_pb_row use_custom_width=\u00bbon\u00bb width_unit=\u00bboff\u00bb custom_width_percent=\u00bb85%\u00bb use_custom_gutter=\u00bbon\u00bb gutter_width=\u00bb2&#8243; custom_padding=\u00bb0|0px|0|0px|false|false\u00bb make_equal=\u00bbon\u00bb _builder_version=\u00bb3.17.2&#8243;][et_pb_column type=\u00bb1_3&#8243; _builder_version=\u00bb3.0.47&#8243;][et_pb_text admin_label=\u00bbPropri\u00e9taire\u00bb module_class=\u00bbcontact-blocs-module\u00bb _builder_version=\u00bb3.21.4&#8243; header_2_font=\u00bbQuicksand||||||||\u00bb header_2_line_height=\u00bb2.7em\u00bb background_color=\u00bb#ede3d9&#8243;] Propietario : Hotel de l&#8217;Oc\u00e9an Tel\u00e9fono : +33 5 [&hellip;]<\/p>\n","protected":false},"author":1,"featured_media":0,"parent":0,"menu_order":0,"comment_status":"closed","ping_status":"closed","template":"","meta":{"_et_pb_use_builder":"on","_et_pb_old_content":"","_et_gb_content_width":""},"_links":{"self":[{"href":"https:\/\/www.biarritz-hotel-ocean.com\/es\/wp-json\/wp\/v2\/pages\/214884"}],"collection":[{"href":"https:\/\/www.biarritz-hotel-ocean.com\/es\/wp-json\/wp\/v2\/pages"}],"about":[{"href":"https:\/\/www.biarritz-hotel-ocean.com\/es\/wp-json\/wp\/v2\/types\/page"}],"author":[{"embeddable":true,"href":"https:\/\/www.biarritz-hotel-ocean.com\/es\/wp-json\/wp\/v2\/users\/1"}],"replies":[{"embeddable":true,"href":"https:\/\/www.biarritz-hotel-ocean.com\/es\/wp-json\/wp\/v2\/comments?post=214884"}],"version-history":[{"count":0,"href":"https:\/\/www.biarritz-hotel-ocean.com\/es\/wp-json\/wp\/v2\/pages\/214884\/revisions"}],"wp:attachment":[{"href":"https:\/\/www.biarritz-hotel-ocean.com\/es\/wp-json\/wp\/v2\/media?parent=214884"}],"curies":[{"name":"wp","href":"https:\/\/api.w.org\/{rel}","templated":true}]}}